{"id":4,"date":"2016-01-08T20:13:25","date_gmt":"2016-01-08T20:13:25","guid":{"rendered":"https:\/\/www.sanmake.com.br\/site\/?page_id=4"},"modified":"2025-01-28T13:12:02","modified_gmt":"2025-01-28T16:12:02","slug":"inicio","status":"publish","type":"page","link":"https:\/\/www.sanmake.com.br\/site\/","title":{"rendered":"In\u00edcio"},"content":{"rendered":"<div style=\"display: none;\">\n<p>especialista apple passo fundo engenharia passo fundo, sanmake em passo fundo, mac, passo fundo RS, mac e especialista apple ios passo fundo<\/p>\n<h1>mac em passo fundo,\u00a0sanmake passo fundo, engenharia passo fundo,<\/h1>\n<h2>mac em passo fundo, especialista apple passo fundo e regi\u00e3o, engenharia passo fundo em passo fundo, mac venda sanmake especialista apple ios passo fundo, especialista apple em passo fundo rs, mac, para passo fundo e regi\u00e3o, mac para passo fundo e regi\u00e3o\u00a0especialista apple ios especialista apple ios passo fundo de mac em passo fundo, especialista apple passo fundo e regi\u00e3o, engenharia passo fundo em passo fundo, mac venda sanmake especialista apple ios passo fundo, especialista apple em passo fundo rs, mac,<a title=\"especialista apple ios especialista apple ios passo fundo de mac em passo fundo, especialista apple passo fundo e regi\u00e3o, engenharia passo fundo em passo fundo, mac venda sanmake especialista apple ios passo fundo, especialista apple em passo fundo rs, mac, para passo fundo e regi\u00e3o, mac para passo fundo e regi\u00e3o\" href=\"https:\/\/www.sanmake.com.br\">para passo fundo e regi\u00e3o, mac para passo fundo e regi\u00e3o\u00a0especialista apple ios especialista apple ios passo fundo de mac em passo fundo, especialista apple passo fundo e regi\u00e3o, engenharia passo fundo em passo fundo, mac venda sanmake especialista apple ios passo fundo, especialista apple em passo fundo rs, mac<\/a>, para passo fundo e regi\u00e3o, mac para passo fundo e regi\u00e3o\u00a0especialista apple ios especialista apple ios passo fundo de mac em passo fundo, especialista apple passo fundo e regi\u00e3o, engenharia passo fundo em passo fundo, mac venda sanmake especialista apple ios passo fundo, especialista apple em passo fundo rs, mac, para passo fundo e regi\u00e3o, mac para passo fundo e regi\u00e3o\u00a0especialista apple ios especialista apple ios passo fundo de mac em passo fundo, especialista apple passo fundo e regi\u00e3o, engenharia passo fundo em passo fundo, mac venda sanmake especialista apple ios passo fundo, especialista apple em passo fundo rs, mac, para passo fundo e regi\u00e3o,<a title=\"especialista apple ios especialista apple ios passo fundo de mac em passo fundo, especialista apple passo fundo e regi\u00e3o, engenharia passo fundo em passo fundo, mac venda sanmake especialista apple ios passo fundo, especialista apple em passo fundo rs, mac, para passo fundo e regi\u00e3o, mac para passo fundo e regi\u00e3o\" href=\"https:\/\/www.sanmake.com.br\/site\">mac para passo fundo e regi\u00e3o\u00a0especialista apple ios especialista apple ios passo fundo de mac em passo fundo, especialista apple passo fundo e regi\u00e3o, cria\u00e7\u00e3o de sit<\/a>es em passo fundo, mac venda sanmake especialista apple ios passo fundo, especialista apple em passo fundo rs, mac, para passo fundo e regi\u00e3o, mac para passo fundo e regi\u00e3o<\/h2>\n<div id=\"attachment_747\" style=\"width: 353px\" class=\"wp-caption aligncenter\"><a href=\"https:\/\/www.sanmake.com.br\/site\/wp-content\/uploads\/2013\/06\/per\u00edcia-m\u00e9dica-passo-fundo-rs.jpg\"><img decoding=\"async\" aria-describedby=\"caption-attachment-747\" class=\"size-full wp-image-747 \" title=\"especialista apple ios especialista apple ios passo fundo de mac em passo fundo\" src=\"https:\/\/www.sanmake.com.br\/site\/wp-content\/uploads\/2013\/06\/per\u00edcia-m\u00e9dica-passo-fundo-rs.jpg\" alt=\"especialista apple ios especialista apple ios passo fundo de mac em passo fundo\" width=\"343\" height=\"300\"  loading=\"lazy\" \/><\/a><p id=\"caption-attachment-747\" class=\"wp-caption-text\">especialista apple ios especialista apple ios passo fundo de mac em passo fundo<\/p><\/div>\n<\/div>\n","protected":false},"excerpt":{"rendered":"<p>especialista apple passo fundo engenharia passo fundo, sanmake em passo fundo, mac, passo fundo RS, [&hellip;]<\/p>\n","protected":false},"author":1,"featured_media":0,"parent":0,"menu_order":7,"comment_status":"closed","ping_status":"closed","template":"template-inicio.php","meta":{"footnotes":""},"class_list":["post-4","page","type-page","status-publish","hentry"],"_links":{"self":[{"href":"https:\/\/www.sanmake.com.br\/site\/wp-json\/wp\/v2\/pages\/4"}],"collection":[{"href":"https:\/\/www.sanmake.com.br\/site\/wp-json\/wp\/v2\/pages"}],"about":[{"href":"https:\/\/www.sanmake.com.br\/site\/wp-json\/wp\/v2\/types\/page"}],"author":[{"embeddable":true,"href":"https:\/\/www.sanmake.com.br\/site\/wp-json\/wp\/v2\/users\/1"}],"replies":[{"embeddable":true,"href":"https:\/\/www.sanmake.com.br\/site\/wp-json\/wp\/v2\/comments?post=4"}],"version-history":[{"count":3,"href":"https:\/\/www.sanmake.com.br\/site\/wp-json\/wp\/v2\/pages\/4\/revisions"}],"predecessor-version":[{"id":1922,"href":"https:\/\/www.sanmake.com.br\/site\/wp-json\/wp\/v2\/pages\/4\/revisions\/1922"}],"wp:attachment":[{"href":"https:\/\/www.sanmake.com.br\/site\/wp-json\/wp\/v2\/media?parent=4"}],"curies":[{"name":"wp","href":"https:\/\/api.w.org\/{rel}","templated":true}]}}